{"id":56,"date":"2016-05-09T09:25:24","date_gmt":"2016-05-09T09:25:24","guid":{"rendered":"http:\/\/www.vakantiehuisjedekoog.nl\/cms\/de\/?page_id=56"},"modified":"2016-05-30T07:03:56","modified_gmt":"2016-05-30T07:03:56","slug":"das-ferienhauschen","status":"publish","type":"page","link":"https:\/\/www.vakantiehuisjedekoog.nl\/de\/das-ferienhauschen\/","title":{"rendered":"Das Ferienh\u00e4uschen"},"content":{"rendered":"<p>Das Ferienh\u00e4uschen f\u00fcr zwei Personen liegt hinter unserem Wohnhaus an der Ruijslaan im Herzen De Koogs auf Texel. Die Ruijslaan bildet die Grenze zwischen dem Badeort De Koog und dem schmalen D\u00fcnenrand der Nordsee. Bei Ihrer Ankunft k\u00f6nnen Sie Ihr Auto bei <a href=\"http:\/\/www.hoteltesselhof.com\" target=\"_blank\">Hotel Tesselhof<\/a> parken, in direkter N\u00e4he vom Eingang Ihres H\u00e4uschen. Auch f\u00fcr Kinder ist es hier sch\u00f6n und sicher. Eventuelle Haustiere sind nach Absprache willkommen.<\/p>\n<h2>So sieht er aus!<\/h2>\n\n\t\t<style type=\"text\/css\">\n\t\t\t#gallery-1 {\n\t\t\t\tmargin: auto;\n\t\t\t}\n\t\t\t#gallery-1 .gallery-item {\n\t\t\t\tfloat: left;\n\t\t\t\tmargin-top: 10px;\n\t\t\t\ttext-align: center;\n\t\t\t\twidth: 25%;\n\t\t\t}\n\t\t\t#gallery-1 img {\n\t\t\t\tborder: 2px solid #cfcfcf;\n\t\t\t}\n\t\t\t#gallery-1 .gallery-caption {\n\t\t\t\tmargin-left: 0;\n\t\t\t}\n\t\t\t\/* see gallery_shortcode() in wp-includes\/media.php *\/\n\t\t<\/style>\n\t\t<div id='gallery-1' class='gallery galleryid-56 gallery-columns-4 gallery-size-thumbnail'><dl class='gallery-item'>\n\t\t\t<dt class='gallery-icon landscape'>\n\t\t\t\t<a href='https:\/\/www.vakantiehuisjedekoog.nl\/wp-content\/uploads\/2016\/05\/IMG_5003.jpg'><img loading=\"lazy\" decoding=\"async\" width=\"150\" height=\"150\" src=\"https:\/\/www.vakantiehuisjedekoog.nl\/wp-content\/uploads\/2016\/05\/IMG_5003-150x150.jpg\" class=\"attachment-thumbnail size-thumbnail\" alt=\"\" \/><\/a>\n\t\t\t<\/dt><\/dl><dl class='gallery-item'>\n\t\t\t<dt class='gallery-icon landscape'>\n\t\t\t\t<a href='https:\/\/www.vakantiehuisjedekoog.nl\/wp-content\/uploads\/2016\/05\/IMG_5004.jpg'><img loading=\"lazy\" decoding=\"async\" width=\"150\" height=\"150\" src=\"https:\/\/www.vakantiehuisjedekoog.nl\/wp-content\/uploads\/2016\/05\/IMG_5004-150x150.jpg\" class=\"attachment-thumbnail size-thumbnail\" alt=\"\" \/><\/a>\n\t\t\t<\/dt><\/dl><dl class='gallery-item'>\n\t\t\t<dt class='gallery-icon portrait'>\n\t\t\t\t<a href='https:\/\/www.vakantiehuisjedekoog.nl\/wp-content\/uploads\/2016\/05\/IMG_5005.jpg'><img loading=\"lazy\" decoding=\"async\" width=\"150\" height=\"150\" src=\"https:\/\/www.vakantiehuisjedekoog.nl\/wp-content\/uploads\/2016\/05\/IMG_5005-150x150.jpg\" class=\"attachment-thumbnail size-thumbnail\" alt=\"\" \/><\/a>\n\t\t\t<\/dt><\/dl><dl class='gallery-item'>\n\t\t\t<dt class='gallery-icon landscape'>\n\t\t\t\t<a href='https:\/\/www.vakantiehuisjedekoog.nl\/wp-content\/uploads\/2016\/05\/IMG_5006.jpg'><img loading=\"lazy\" decoding=\"async\" width=\"150\" height=\"150\" src=\"https:\/\/www.vakantiehuisjedekoog.nl\/wp-content\/uploads\/2016\/05\/IMG_5006-150x150.jpg\" class=\"attachment-thumbnail size-thumbnail\" alt=\"\" \/><\/a>\n\t\t\t<\/dt><\/dl><br style=\"clear: both\" \/><dl class='gallery-item'>\n\t\t\t<dt class='gallery-icon landscape'>\n\t\t\t\t<a href='https:\/\/www.vakantiehuisjedekoog.nl\/wp-content\/uploads\/2016\/05\/IMG_0037.jpg'><img loading=\"lazy\" decoding=\"async\" width=\"150\" height=\"150\" src=\"https:\/\/www.vakantiehuisjedekoog.nl\/wp-content\/uploads\/2016\/05\/IMG_0037-150x150.jpg\" class=\"attachment-thumbnail size-thumbnail\" alt=\"\" \/><\/a>\n\t\t\t<\/dt><\/dl><dl class='gallery-item'>\n\t\t\t<dt class='gallery-icon landscape'>\n\t\t\t\t<a href='https:\/\/www.vakantiehuisjedekoog.nl\/wp-content\/uploads\/2016\/05\/IMG_0034.jpg'><img loading=\"lazy\" decoding=\"async\" width=\"150\" height=\"150\" src=\"https:\/\/www.vakantiehuisjedekoog.nl\/wp-content\/uploads\/2016\/05\/IMG_0034-150x150.jpg\" class=\"attachment-thumbnail size-thumbnail\" alt=\"\" \/><\/a>\n\t\t\t<\/dt><\/dl><dl class='gallery-item'>\n\t\t\t<dt class='gallery-icon landscape'>\n\t\t\t\t<a href='https:\/\/www.vakantiehuisjedekoog.nl\/wp-content\/uploads\/2016\/05\/IMG_0016.jpg'><img loading=\"lazy\" decoding=\"async\" width=\"150\" height=\"150\" src=\"https:\/\/www.vakantiehuisjedekoog.nl\/wp-content\/uploads\/2016\/05\/IMG_0016-150x150.jpg\" class=\"attachment-thumbnail size-thumbnail\" alt=\"\" \/><\/a>\n\t\t\t<\/dt><\/dl><dl class='gallery-item'>\n\t\t\t<dt class='gallery-icon landscape'>\n\t\t\t\t<a href='https:\/\/www.vakantiehuisjedekoog.nl\/wp-content\/uploads\/2016\/05\/IMG_0022.jpg'><img loading=\"lazy\" decoding=\"async\" width=\"150\" height=\"150\" src=\"https:\/\/www.vakantiehuisjedekoog.nl\/wp-content\/uploads\/2016\/05\/IMG_0022-150x150.jpg\" class=\"attachment-thumbnail size-thumbnail\" alt=\"\" \/><\/a>\n\t\t\t<\/dt><\/dl><br style=\"clear: both\" \/><dl class='gallery-item'>\n\t\t\t<dt class='gallery-icon portrait'>\n\t\t\t\t<a href='https:\/\/www.vakantiehuisjedekoog.nl\/wp-content\/uploads\/2016\/05\/IMG_0008.jpg'><img loading=\"lazy\" decoding=\"async\" width=\"150\" height=\"150\" src=\"https:\/\/www.vakantiehuisjedekoog.nl\/wp-content\/uploads\/2016\/05\/IMG_0008-150x150.jpg\" class=\"attachment-thumbnail size-thumbnail\" alt=\"\" \/><\/a>\n\t\t\t<\/dt><\/dl><dl class='gallery-item'>\n\t\t\t<dt class='gallery-icon portrait'>\n\t\t\t\t<a href='https:\/\/www.vakantiehuisjedekoog.nl\/wp-content\/uploads\/2016\/05\/IMG_0011.jpg'><img loading=\"lazy\" decoding=\"async\" width=\"150\" height=\"150\" src=\"https:\/\/www.vakantiehuisjedekoog.nl\/wp-content\/uploads\/2016\/05\/IMG_0011-150x150.jpg\" class=\"attachment-thumbnail size-thumbnail\" alt=\"\" \/><\/a>\n\t\t\t<\/dt><\/dl><dl class='gallery-item'>\n\t\t\t<dt class='gallery-icon landscape'>\n\t\t\t\t<a href='https:\/\/www.vakantiehuisjedekoog.nl\/wp-content\/uploads\/2016\/05\/IMG_0014.jpg'><img loading=\"lazy\" decoding=\"async\" width=\"150\" height=\"150\" src=\"https:\/\/www.vakantiehuisjedekoog.nl\/wp-content\/uploads\/2016\/05\/IMG_0014-150x150.jpg\" class=\"attachment-thumbnail size-thumbnail\" alt=\"\" \/><\/a>\n\t\t\t<\/dt><\/dl><dl class='gallery-item'>\n\t\t\t<dt class='gallery-icon landscape'>\n\t\t\t\t<a href='https:\/\/www.vakantiehuisjedekoog.nl\/wp-content\/uploads\/2016\/05\/IMG_0012.jpg'><img loading=\"lazy\" decoding=\"async\" width=\"150\" height=\"150\" src=\"https:\/\/www.vakantiehuisjedekoog.nl\/wp-content\/uploads\/2016\/05\/IMG_0012-150x150.jpg\" class=\"attachment-thumbnail size-thumbnail\" alt=\"\" \/><\/a>\n\t\t\t<\/dt><\/dl><br style=\"clear: both\" \/><dl class='gallery-item'>\n\t\t\t<dt class='gallery-icon landscape'>\n\t\t\t\t<a href='https:\/\/www.vakantiehuisjedekoog.nl\/wp-content\/uploads\/2016\/05\/IMG_0013.jpg'><img loading=\"lazy\" decoding=\"async\" width=\"150\" height=\"150\" src=\"https:\/\/www.vakantiehuisjedekoog.nl\/wp-content\/uploads\/2016\/05\/IMG_0013-150x150.jpg\" class=\"attachment-thumbnail size-thumbnail\" alt=\"\" \/><\/a>\n\t\t\t<\/dt><\/dl><dl class='gallery-item'>\n\t\t\t<dt class='gallery-icon landscape'>\n\t\t\t\t<a href='https:\/\/www.vakantiehuisjedekoog.nl\/wp-content\/uploads\/2016\/05\/IMG_0018.jpg'><img loading=\"lazy\" decoding=\"async\" width=\"150\" height=\"150\" src=\"https:\/\/www.vakantiehuisjedekoog.nl\/wp-content\/uploads\/2016\/05\/IMG_0018-150x150.jpg\" class=\"attachment-thumbnail size-thumbnail\" alt=\"\" \/><\/a>\n\t\t\t<\/dt><\/dl><dl class='gallery-item'>\n\t\t\t<dt class='gallery-icon landscape'>\n\t\t\t\t<a href='https:\/\/www.vakantiehuisjedekoog.nl\/wp-content\/uploads\/2016\/05\/IMG_0027.jpg'><img loading=\"lazy\" decoding=\"async\" width=\"150\" height=\"150\" src=\"https:\/\/www.vakantiehuisjedekoog.nl\/wp-content\/uploads\/2016\/05\/IMG_0027-150x150.jpg\" class=\"attachment-thumbnail size-thumbnail\" alt=\"\" \/><\/a>\n\t\t\t<\/dt><\/dl><dl class='gallery-item'>\n\t\t\t<dt class='gallery-icon landscape'>\n\t\t\t\t<a href='https:\/\/www.vakantiehuisjedekoog.nl\/wp-content\/uploads\/2016\/05\/parkeren.jpg'><img loading=\"lazy\" decoding=\"async\" width=\"150\" height=\"150\" src=\"https:\/\/www.vakantiehuisjedekoog.nl\/wp-content\/uploads\/2016\/05\/parkeren-150x150.jpg\" class=\"attachment-thumbnail size-thumbnail\" alt=\"\" \/><\/a>\n\t\t\t<\/dt><\/dl><br style=\"clear: both\" \/>\n\t\t<\/div>\n\n<h2><span lang=\"DE\">Beschreibung Ferienh\u00e4uschen<\/span><\/h2>\n<p>\u00dcber die gesch\u00fctzte Terrasse erreichen Sie direkt das behagliche Wohnzimmer mit offener K\u00fcche. Im Wohnzimmer befinden sich eine Essecke und eine Sitzecke. Au\u00dferdem ist das H\u00e4uschen mit einem K\u00fchlschrank, Kaffeemaschine und Fernseher mit Kabelempfang ausgestattet. Vom Wohnzimmer aus erreicht man das Schlafzimmer mit zwei Einzelbetten. Diese k\u00f6nnen nebeneinander oder getrennt gestellt werden. Das H\u00e4uschen ist f\u00fcr maximal zwei Personen eingerichtet. Eine sonnige Terrasse mit ausreichend Platz f\u00fcr Fahrr\u00e4der steht zu Ihrer Verf\u00fcgung. Das H\u00e4uschen wird zentral beheizt.<\/p>\n<h2>Umgebung<\/h2>\n<p>Vakantiehuisje \u201cDe Koog\u201c liegt in direkter N\u00e4he zum &#8222;Natuurpark Duinen van Texel&#8220;. Strand, Wald, D\u00fcnen und Gesch\u00e4fte sind nur einen Steinwurf entfernt. Am Strand befinden sich verschiedene Pavillons, hier k\u00f6nnen Sie herrlich auf der Terrasse den Sonnenuntergang genie\u00dfen oder dinieren. De Koog hat eine lebendige Dorpsstraat mit zahlreichen Gesch\u00e4ften, Kneipen, Terrassen und Restaurants. Texel ist sehr \u00fcbersichtlich, auch mit dem Fahrrad ist alles sehr gut zu erreichen. Eine Fahrradvermietung und eine Bushaltestelle sind ebenfalls in der N\u00e4he.<\/p>\n","protected":false},"excerpt":{"rendered":"<p>Das Ferienh\u00e4uschen f\u00fcr zwei Personen liegt hinter unserem Wohnhaus an der Ruijslaan im Herzen De Koogs auf Texel. Die Ruijslaan bildet die Grenze zwischen dem Badeort De Koog und dem schmalen D\u00fcnenrand der Nordsee. Bei Ihrer Ankunft k\u00f6nnen Sie Ihr Auto bei Hotel Tesselhof parken, in direkter N\u00e4he vom Eingang Ihres H\u00e4uschen. Auch f\u00fcr Kinder [&hellip;]<\/p>\n","protected":false},"author":4,"featured_media":0,"parent":0,"menu_order":0,"comment_status":"closed","ping_status":"closed","template":"","meta":{"_seopress_robots_primary_cat":"","_seopress_titles_title":"","_seopress_titles_desc":"","_seopress_robots_index":"","_genesis_hide_title":false,"_genesis_hide_breadcrumbs":false,"_genesis_hide_singular_image":false,"_genesis_hide_footer_widgets":false,"_genesis_custom_body_class":"","_genesis_custom_post_class":"","_genesis_layout":"","footnotes":""},"class_list":{"0":"post-56","1":"page","2":"type-page","3":"status-publish","5":"entry"},"_links":{"self":[{"href":"https:\/\/www.vakantiehuisjedekoog.nl\/de\/wp-json\/wp\/v2\/pages\/56","targetHints":{"allow":["GET"]}}],"collection":[{"href":"https:\/\/www.vakantiehuisjedekoog.nl\/de\/wp-json\/wp\/v2\/pages"}],"about":[{"href":"https:\/\/www.vakantiehuisjedekoog.nl\/de\/wp-json\/wp\/v2\/types\/page"}],"author":[{"embeddable":true,"href":"https:\/\/www.vakantiehuisjedekoog.nl\/de\/wp-json\/wp\/v2\/users\/4"}],"replies":[{"embeddable":true,"href":"https:\/\/www.vakantiehuisjedekoog.nl\/de\/wp-json\/wp\/v2\/comments?post=56"}],"version-history":[{"count":0,"href":"https:\/\/www.vakantiehuisjedekoog.nl\/de\/wp-json\/wp\/v2\/pages\/56\/revisions"}],"wp:attachment":[{"href":"https:\/\/www.vakantiehuisjedekoog.nl\/de\/wp-json\/wp\/v2\/media?parent=56"}],"curies":[{"name":"wp","href":"https:\/\/api.w.org\/{rel}","templated":true}]}}