{"id":28,"date":"2016-05-04T14:14:18","date_gmt":"2016-05-04T14:14:18","guid":{"rendered":"http:\/\/www.vakantiehuisjedekoog.nl\/cms\/de\/?page_id=28"},"modified":"2016-05-30T07:00:12","modified_gmt":"2016-05-30T07:00:12","slug":"ferienhaus-de-koog","status":"publish","type":"page","link":"https:\/\/www.vakantiehuisjedekoog.nl\/de\/","title":{"rendered":"Ferienh\u00e4uschen De Koog"},"content":{"rendered":"<p>Herzlich willkommen bei Caroline de Ruiter &amp; Willem Brons. Unser Vakantiehuisje &#8222;De Koog&#8220; ist ein einfaches aber supergem\u00fctliches Ferienh\u00e4uschen! Es befindet sich hinter unserem Haus, liegt gesch\u00fctzt und bietet Ihnen viel Privatsph\u00e4re.<\/p>\n<p>Es ist ein freistehendes H\u00e4uschen und f\u00fcr maximal 2 Personen geeignet. Das H\u00e4uschen ist komplett ausgestattet und bietet Ihnen alles f\u00fcr einen erholsamen Urlaub oder Wochenende. Ob im Sommer, Fr\u00fchling oder Herbst, sogar im Winter ist es hier sehr behaglich.<\/p>\n<h2>Gem\u00fctliches Dorf De Koog<\/h2>\n<p>Unser Ferienh\u00e4uschen befindet sich inmitten des gem\u00fctlichen Badeortes De Koog.\u00a0 Der ideale Ort, um die Ferien zu verbringen. Trotz der superzentralen Lage genie\u00dfen Sie die Ruhe und entspannte Atmosph\u00e4re. Nur einen Steinwurf entfernt befindet sich die lebendige Dorpsstraat mit ihrer Vielfalt an gem\u00fctlichen Restaurants und Terrassen. Nach einer erholsamen Nacht sind der B\u00e4cker und der Supermarkt ganz in der N\u00e4he.<\/p>\n<h2>Genie\u00dfen auf Texel<\/h2>\n<p>Alle Voraussetzungen f\u00fcr einen erholsamen Urlaub sind hier gegeben. Genie\u00dfen Sie die herrliche Natur, D\u00fcnen, Strand und W\u00e4lder in nur wenigen Fu\u00dfminuten Entfernung.<\/p>\n<p><em>Sie sind herzlich willkommen bei Caroline und Willem.<\/em><\/p>\n","protected":false},"excerpt":{"rendered":"<p>Herzlich willkommen bei Caroline de Ruiter &amp; Willem Brons. Unser Vakantiehuisje &#8222;De Koog&#8220; ist ein einfaches aber supergem\u00fctliches Ferienh\u00e4uschen! Es befindet sich hinter unserem Haus, liegt gesch\u00fctzt und bietet Ihnen viel Privatsph\u00e4re. Es ist ein freistehendes H\u00e4uschen und f\u00fcr maximal 2 Personen geeignet. Das H\u00e4uschen ist komplett ausgestattet und bietet Ihnen alles f\u00fcr einen erholsamen [&hellip;]<\/p>\n","protected":false},"author":4,"featured_media":0,"parent":0,"menu_order":0,"comment_status":"closed","ping_status":"closed","template":"","meta":{"_seopress_robots_primary_cat":"","_seopress_titles_title":"","_seopress_titles_desc":"","_seopress_robots_index":"","_genesis_hide_title":false,"_genesis_hide_breadcrumbs":false,"_genesis_hide_singular_image":false,"_genesis_hide_footer_widgets":false,"_genesis_custom_body_class":"","_genesis_custom_post_class":"","_genesis_layout":"","footnotes":""},"class_list":{"0":"post-28","1":"page","2":"type-page","3":"status-publish","5":"entry"},"_links":{"self":[{"href":"https:\/\/www.vakantiehuisjedekoog.nl\/de\/wp-json\/wp\/v2\/pages\/28","targetHints":{"allow":["GET"]}}],"collection":[{"href":"https:\/\/www.vakantiehuisjedekoog.nl\/de\/wp-json\/wp\/v2\/pages"}],"about":[{"href":"https:\/\/www.vakantiehuisjedekoog.nl\/de\/wp-json\/wp\/v2\/types\/page"}],"author":[{"embeddable":true,"href":"https:\/\/www.vakantiehuisjedekoog.nl\/de\/wp-json\/wp\/v2\/users\/4"}],"replies":[{"embeddable":true,"href":"https:\/\/www.vakantiehuisjedekoog.nl\/de\/wp-json\/wp\/v2\/comments?post=28"}],"version-history":[{"count":0,"href":"https:\/\/www.vakantiehuisjedekoog.nl\/de\/wp-json\/wp\/v2\/pages\/28\/revisions"}],"wp:attachment":[{"href":"https:\/\/www.vakantiehuisjedekoog.nl\/de\/wp-json\/wp\/v2\/media?parent=28"}],"curies":[{"name":"wp","href":"https:\/\/api.w.org\/{rel}","templated":true}]}}