{"id":138,"date":"2016-05-11T12:27:23","date_gmt":"2016-05-11T12:27:23","guid":{"rendered":"http:\/\/www.vakantiehuisjedekoog.nl\/cms\/de\/?page_id=138"},"modified":"2016-05-30T07:36:15","modified_gmt":"2016-05-30T07:36:15","slug":"texel-tipps","status":"publish","type":"page","link":"https:\/\/www.vakantiehuisjedekoog.nl\/de\/texel-tipps\/","title":{"rendered":"Texel Tipps"},"content":{"rendered":"<p><span lang=\"DE\">M\u00f6chten Sie die herrliche Natur, die D\u00fcnen, den Strand und den Wald genie\u00dfen? Alles ist vom Vakantiehuisje \u201cDe Koog\u201c zu Fu\u00df erreichbar. Alle Voraussetzungen f\u00fcr einen erholsamen Urlaub sind gegeben. Die Insel Texel bietet jedem das Richtige, egal ob gro\u00df oder klein. Hier k\u00f6nnen Sie stundenlang Fahrradfahren oder Wandern. W\u00e4lder, D\u00fcnen und schneewei\u00dfer Strand, die texelsche Natur ist zu allen Jahreszeiten wundersch\u00f6n. Texel hat ein gro\u00dfes Kulturangebot. Einige Tipps: schauen Sie sich freitags das Einlaufen der Fischereiflotte im Hafen von Oudeschild an. Oder machen Sie eine Wanderung in De Slufter, oder genie\u00dfen Sie einfach Ihren Urlaub auf einer der vielen Terrassen. Texel ist f\u00fcr Wassersportler ideal. Denken Sie an die j\u00e4hrliche Ronde om Texel, bei der die besten Katamaransegler der Welt gegeneinander antreten. Es gibt hier einfach zu viel, um alles zu nennen. Wir haben eine kleine Auswahl f\u00fcr Sie zusammengestellt.<\/span><\/p>\n<h2>Ecomare<\/h2>\n<p><a href=\"http:\/\/www.ecomare.nl\" target=\"_blank\">Ecomare<\/a> ist ein Naturzentrum mit Seehunden, Schweinswalen, einem Meeresaquarium und einem umfangreichen Museum.<\/p>\n<p>Ruyslaan 92, 1796 AZ De Koog, Tel. 0031 222 3177741, E-mail: <a href=\"mailto:infobalie@ecomare.nl\">infobalie@ecomare.nl<\/a><\/p>\n<h2>Naturpark De Slufter<\/h2>\n<p><span lang=\"DE\">Der Besuch des Naturparks De Slufter ist schon ein Erlebnis f\u00fcr sich. Es ist ein einzigartiges Ebbe- und Flutgebiet, mit einer offenen Verbindung zum Meer. Die nat\u00fcrliche Begrasung und die Flora und Fauna sind einmalig in diesem Naturgebiet.<\/span><\/p>\n<h2>Ronde om Texel<\/h2>\n<p>Jedes Jahr im Juni findet die bekannte <a href=\"http:\/\/roundtexel.com\/\">Ronde van Texel catamaranrace<\/a> statt.<\/p>\n<h2>Texel Culinair<\/h2>\n<p>In De Koog findet jedes Jahr im September <a href=\"http:\/\/www.texelculinair.nl\/\" target=\"_blank\">Texel Culinair<\/a> statt. Hier werden ehrliche texelsche Produkte von K\u00f6chen diverser Restaurants zubereitet. Der Gewinner des Wettstreits um Geschmack und Pr\u00e4sentation wird am Sonntagabend mit einem Preis ausgezeichnet.<\/p>\n<h2>Badeort De Koog<\/h2>\n<p>In De Koog gibt es eine Vielzahl an Aktivit\u00e4ten f\u00fcr Jung und Alt. Shoppen, Flanieren, lecker Essen. Die Terrassen laden Sie zum Entspannen und Genie\u00dfen des <a href=\"http:\/\/www.dekoogtexel.nl\/\" target=\"_blank\">lebendigen Badeortes de Koog<\/a> ein. Empfehlungen: <a href=\"http:\/\/www.hoteltesselhof.com\" target=\"_blank\">Restaurant La Casserole<\/a>.<\/p>\n<h2>De Bonte Belevenis<\/h2>\n<p>Wenn Sie auf Texel sind, schauen Sie doch mal bei <a href=\"http:\/\/www.bontebelevenis.nl\/\" target=\"_blank\">De Bonte Belevenis<\/a> vorbei. Hier kann man tolle Sachen machen.<\/p>\n","protected":false},"excerpt":{"rendered":"<p>M\u00f6chten Sie die herrliche Natur, die D\u00fcnen, den Strand und den Wald genie\u00dfen? Alles ist vom Vakantiehuisje \u201cDe Koog\u201c zu Fu\u00df erreichbar. Alle Voraussetzungen f\u00fcr einen erholsamen Urlaub sind gegeben. Die Insel Texel bietet jedem das Richtige, egal ob gro\u00df oder klein. Hier k\u00f6nnen Sie stundenlang Fahrradfahren oder Wandern. W\u00e4lder, D\u00fcnen und schneewei\u00dfer Strand, die [&hellip;]<\/p>\n","protected":false},"author":4,"featured_media":0,"parent":0,"menu_order":0,"comment_status":"closed","ping_status":"closed","template":"","meta":{"_seopress_robots_primary_cat":"","_seopress_titles_title":"","_seopress_titles_desc":"","_seopress_robots_index":"","_genesis_hide_title":false,"_genesis_hide_breadcrumbs":false,"_genesis_hide_singular_image":false,"_genesis_hide_footer_widgets":false,"_genesis_custom_body_class":"","_genesis_custom_post_class":"","_genesis_layout":"","footnotes":""},"class_list":{"0":"post-138","1":"page","2":"type-page","3":"status-publish","5":"entry"},"_links":{"self":[{"href":"https:\/\/www.vakantiehuisjedekoog.nl\/de\/wp-json\/wp\/v2\/pages\/138","targetHints":{"allow":["GET"]}}],"collection":[{"href":"https:\/\/www.vakantiehuisjedekoog.nl\/de\/wp-json\/wp\/v2\/pages"}],"about":[{"href":"https:\/\/www.vakantiehuisjedekoog.nl\/de\/wp-json\/wp\/v2\/types\/page"}],"author":[{"embeddable":true,"href":"https:\/\/www.vakantiehuisjedekoog.nl\/de\/wp-json\/wp\/v2\/users\/4"}],"replies":[{"embeddable":true,"href":"https:\/\/www.vakantiehuisjedekoog.nl\/de\/wp-json\/wp\/v2\/comments?post=138"}],"version-history":[{"count":0,"href":"https:\/\/www.vakantiehuisjedekoog.nl\/de\/wp-json\/wp\/v2\/pages\/138\/revisions"}],"wp:attachment":[{"href":"https:\/\/www.vakantiehuisjedekoog.nl\/de\/wp-json\/wp\/v2\/media?parent=138"}],"curies":[{"name":"wp","href":"https:\/\/api.w.org\/{rel}","templated":true}]}}